{"id":3172,"date":"2019-09-16T15:32:48","date_gmt":"2019-09-16T15:32:48","guid":{"rendered":"https:\/\/crescerser.org\/politica-de-privacidade\/"},"modified":"2023-01-11T18:10:14","modified_gmt":"2023-01-11T18:10:14","slug":"privacy-policy","status":"publish","type":"page","link":"https:\/\/crescerser.org\/en\/privacy-policy\/","title":{"rendered":"Privacy Policy"},"content":{"rendered":"\r\n<p>CRESCERSER &#8211; Associa\u00e7\u00e3o Portuguesa para o Direito dos Menores e da Fam\u00edlia is committed to protecting your privacy and developing technology that gives you a safer and more pleasant experience. This Privacy Statement applies to the Website CRESCERSER &#8211; Associa\u00e7\u00e3o Portuguesa para o Direito dos Menores e da Fam\u00edlia and manages the collection of data and its use. By using the CRESCERSER &#8211; Associa\u00e7\u00e3o Portuguesa para o Direito dos Menores e da Fam\u00edlia website, you accept the data management practices described in this statement.<\/p>\r\n\r\n\r\n\r\n<p><strong>The collection of your personal information<\/strong><\/p>\r\n\r\n\r\n\r\n<p>CRESCERSER &#8211; Associa\u00e7\u00e3o Portuguesa para o Direito dos Menores e da Fam\u00edlia collects information, such as your email address, name, home or work address, or telephone number. CRESCERSER &#8211; Associa\u00e7\u00e3o Portuguesa para o Direito dos Menores e da Fam\u00edlia also collects demographic information and information that is not exclusively yours, such as Postal Code, age, gender, preferences, interests and favorites.<\/p>\r\n\r\n\r\n\r\n<p>There is also information about your computer hardware and software that is automatically collected by CRESCERSER &#8211; Associa\u00e7\u00e3o Portuguesa para o Direito dos Menores e da Fam\u00edlia. This information may include: your IP address, browser type, domain names, access times and website addresses. This information is used by CRESCERSER &#8211; Associa\u00e7\u00e3o Portuguesa para o Direito dos Menores e da Fam\u00edlia to run the service, to guarantee the quality of the service and to provide general statistics regarding your use of the CRESCERSER &#8211; Associa\u00e7\u00e3o Portuguesa para o Direito dos Menores e da Fam\u00edlia website. Family.<\/p>\r\n\r\n\r\n\r\n<p>Remember that if you disclose personally identifiable data or sensitive personal data through the public forums of CRESCERSER &#8211; Associa\u00e7\u00e3o Portuguesa para o Direito dos Menores e da Fam\u00edlia, this information may be collected and used by others. Note: CRESCERSER &#8211; Portuguese Association for Minors and Family Law does not read your confidential communications.<\/p>\r\n\r\n\r\n\r\n<p>CRESCERSER &#8211; Associa\u00e7\u00e3o Portuguesa para o Direito dos Menores e da Fam\u00edlia encourages you to review the Site&#8217;s privacy statement if you choose to connect from CRESCERSER &#8211; Associa\u00e7\u00e3o Portuguesa para o Direito dos Menores e da Fam\u00edlia in order to understand how sites collect, use and share your information. CRESCERSER &#8211; Associa\u00e7\u00e3o Portuguesa para o Direito dos Menores e da Fam\u00edlia is not responsible for the privacy statements or content on Sites outside of CRESCERSER &#8211; Associa\u00e7\u00e3o Portuguesa para o Direito dos Menores e da Fam\u00edlia and CRESCERSER &#8211; Associa\u00e7\u00e3o Portuguesa para o Direito dos Menores e da Fam\u00edlia site family.<\/p>\r\n\r\n\r\n\r\n<p><strong>The use of your personal information<\/strong><\/p>\r\n\r\n\r\n\r\n<p>CRESCERSER &#8211; Portuguese Association for Minors and Family Law collects and uses your information to operate the website CRESCERSER &#8211; Portuguese Association for Minors and Family Law and perform the requested services. CRESCERSER &#8211; Associa\u00e7\u00e3o Portuguesa para o Direito dos Menores e da Fam\u00edlia also uses your personal identification to inform you of other products or services available from CRESCERSER &#8211; Associa\u00e7\u00e3o Portuguesa para o Direito dos Menores e da Fam\u00edlia and its affiliates. CRESCERSER &#8211; Associa\u00e7\u00e3o Portuguesa para o Direito dos Menores e da Fam\u00edlia may also contact you through surveys to conduct research on your opinion of current services or new services that may be provided.<\/p>\r\n\r\n\r\n\r\n<p>CRESCERSER &#8211; Associa\u00e7\u00e3o Portuguesa para o Direito dos Menores e da Fam\u00edlia does not sell, rent or lease its client lists to third parties. CRESCERSER &#8211; Associa\u00e7\u00e3o Portuguesa para o Direito dos Menores e da Fam\u00edlia may, from time to time, contact you on behalf of external business partners about a specific offer that may be of interest to you. In such cases, your personal information (email address, name, postal address, telephone number) is not transferred to the third party. In addition, CRESCERSER &#8211; Associa\u00e7\u00e3o Portuguesa para o Direito dos Menores e da Fam\u00edlia may share data with trusted partners to help us carry out statistical analyses, send you electronic or postal messages, provide support or organize deliveries. All others are prohibited from using your information except to promote these services to CRESCERSER &#8211; Associa\u00e7\u00e3o Portuguesa para o Direito dos Menores e da Fam\u00edlia, and are obliged to maintain the confidentiality of your information.<\/p>\r\n\r\n\r\n\r\n<p>CRESCERSER &#8211; Associa\u00e7\u00e3o Portuguesa para o Direito dos Menores e da Fam\u00edlia does not use or disclose sensitive personal information such as race, religion or political affiliations, without your explicit consent.<\/p>\r\n\r\n\r\n\r\n<p>CRESCERSER &#8211; Portuguese Association for Minors and Family Law maintains control over the websites and pages it visits within CRESCERSER &#8211; Portuguese Association for Minors and Family Law, in order to determine which services of CRESCERSER &#8211; Portuguese Association for Minors and Family Law are more popular. This information is used to provide content and advertising on CRESCERSER &#8211; Associa\u00e7\u00e3o Portuguesa para o Direito dos Menores e da Fam\u00edlia for clients whose behavior indicates that they are interested in a certain thematic area.<\/p>\r\n\r\n\r\n\r\n<p>The websites of CRESCERSER &#8211; Associa\u00e7\u00e3o Portuguesa para o Direito dos Menores e da Fam\u00edlia will reveal your personal information, without prior notice, only if required by law or in the good faith belief that such action is necessary to: (a) obey the decrees of the law or comply with legal processes served on CRESCERSER &#8211; Associa\u00e7\u00e3o Portuguesa para o Direito dos Menores e da Fam\u00edlia or the website; (b) protect and defend the rights or property of CRESCERSER &#8211; Associa\u00e7\u00e3o Portuguesa para o Direito dos Menores e da Fam\u00edlia; and, (c) act under vital circumstances to protect the personal safety of users of CRESCERSER &#8211; Associa\u00e7\u00e3o Portuguesa para o Direito dos Menores e da Fam\u00edlia, or the public.<\/p>\r\n\r\n\r\n\r\n<p><strong>Use of Cookies<\/strong><\/p>\r\n\r\n\r\n\r\n<p>The website CRESCERSER &#8211; Associa\u00e7\u00e3o Portuguesa para o Direito dos Menores e da Fam\u00edlia uses &#8220;cookies&#8221; to help you personalize your online experience. A cookie is a text file that is placed on your hard drive by a web server page. Cookies cannot be used to run programs or deliver viruses to your computer. Cookies are uniquely assigned to you and can only be read by a web server in the domain that issued the cookie to you.<\/p>\r\n\r\n\r\n\r\n<p>One of the main purposes of cookies is to provide a convenient feature to save you time. The purpose of the cookie is to tell the server that you have returned to a specific page. For example, if you personalize pages of CRESCERSER &#8211; Associa\u00e7\u00e3o Portuguesa para o Direito dos Menores e da Fam\u00edlia, or register on the website CRESCERSER &#8211; Associa\u00e7\u00e3o Portuguesa para o Direito dos Menores e da Fam\u00edlia, a cookie helps CRESCERSER &#8211; Associa\u00e7\u00e3o Portuguesa para o Right of Minors and Family to recover specific information in subsequent visits. This simplifies the process of recording your personal information, such as your billing address, shipping address, and so on. When you return to the same CRESCERSER &#8211; Associa\u00e7\u00e3o Portuguesa para o Direito dos Menores e da Fam\u00edlia website, the information previously provided can be retrieved and you can easily use the CRESCERSER &#8211; Associa\u00e7\u00e3o Portuguesa para o Direito dos Menores e da Fam\u00edlia features that you customized.<\/p>\r\n\r\n\r\n\r\n<p>You are given the possibility to accept or refuse cookies. Most browsers automatically accept cookies, but if you prefer, you can modify your browser setting to refuse cookies. If you choose to decline cookies, you may not be able to fully experience the interactive features of CRESCERSER &#8211; Associa\u00e7\u00e3o Portuguesa para o Direito dos Menores e da Fam\u00edlia services or other websites you visit.<\/p>\r\n\r\n\r\n\r\n<p><strong>Security of your Personal Information<\/strong><\/p>\r\n\r\n\r\n\r\n<p>CRESCERSER &#8211; Portuguese Association for the Rights of Minors and the Family protects personal information against unauthorized access, use or disclosure. CRESCERSER &#8211; Associa\u00e7\u00e3o Portuguesa para o Direito dos Menores e da Fam\u00edlia ensures that the personally identifiable information provided to the servers is in a controlled and secure environment, protected from unauthorized access, use or disclosure. When personal information (such as a credit card number) is transmitted to other Sites, it is protected through the use of encryption, such as the Secure Socket Layer (SSL) protocol.<\/p>\r\n\r\n\r\n\r\n<p><strong>Changes to this Privacy Policy<\/strong><\/p>\r\n\r\n\r\n\r\n<p>CRESCERSER &#8211; Associa\u00e7\u00e3o Portuguesa para o Direito dos Menores e da Fam\u00edlia will occasionally update this Privacy Policy to reflect company and customer feedback. CRESCERSER &#8211; Portuguese Association for Minors and Family Law encourages you to periodically review the Statement to be informed of how CRESCERSER &#8211; Portuguese Association for Minors and Family Law is protecting your information.<\/p>\r\n\r\n\r\n\r\n<p><strong>Contact Information<\/strong><\/p>\r\n\r\n\r\n\r\n<p>CRESCERSER &#8211; Portuguese Association for the Rights of Minors and the Family awaits your comments on this privacy statement. If you feel that CRESCERSER &#8211; Portuguese Association for Minors and Family Law does not adhere to this policy, please contact CRESCERSER &#8211; Portuguese Association for Minors and Family Law via website@crescerser.org. We will use commercially reasonable efforts to determine and correct the problem.<\/p>\r\n","protected":false},"excerpt":{"rendered":"<p>CRESCERSER &#8211; Associa\u00e7\u00e3o Portuguesa para o Direito dos Menores e da Fam\u00edlia is committed to<span class=\"excerpt-hellip\"> [\u2026]<\/span><\/p>\n","protected":false},"author":1,"featured_media":0,"parent":0,"menu_order":0,"comment_status":"closed","ping_status":"closed","template":"","meta":{"footnotes":""},"yoast_head":"<!-- This site is optimized with the Yoast SEO plugin v21.7 - https:\/\/yoast.com\/wordpress\/plugins\/seo\/ -->\n<title>Privacy Policy - crescerser<\/title>\n<meta name=\"robots\" content=\"index, follow, max-snippet:-1, max-image-preview:large, max-video-preview:-1\" \/>\n<link rel=\"canonical\" href=\"http:\/\/crescerser.org\/en\/privacy-policy\/\" \/>\n<meta property=\"og:locale\" content=\"en_US\" \/>\n<meta property=\"og:type\" content=\"article\" \/>\n<meta property=\"og:title\" content=\"Privacy Policy - crescerser\" \/>\n<meta property=\"og:description\" content=\"CRESCERSER &#8211; Associa\u00e7\u00e3o Portuguesa para o Direito dos Menores e da Fam\u00edlia is committed to [\u2026]\" \/>\n<meta property=\"og:url\" content=\"http:\/\/crescerser.org\/en\/privacy-policy\/\" \/>\n<meta property=\"og:site_name\" content=\"crescerser\" \/>\n<meta property=\"article:modified_time\" content=\"2023-01-11T18:10:14+00:00\" \/>\n<meta name=\"twitter:card\" content=\"summary_large_image\" \/>\n<meta name=\"twitter:label1\" content=\"Est. reading time\" \/>\n\t<meta name=\"twitter:data1\" content=\"8 minutes\" \/>\n<script type=\"application\/ld+json\" class=\"yoast-schema-graph\">{\"@context\":\"https:\/\/schema.org\",\"@graph\":[{\"@type\":\"WebPage\",\"@id\":\"http:\/\/crescerser.org\/en\/privacy-policy\/\",\"url\":\"http:\/\/crescerser.org\/en\/privacy-policy\/\",\"name\":\"Privacy Policy - crescerser\",\"isPartOf\":{\"@id\":\"https:\/\/crescerser.org\/#website\"},\"datePublished\":\"2019-09-16T15:32:48+00:00\",\"dateModified\":\"2023-01-11T18:10:14+00:00\",\"breadcrumb\":{\"@id\":\"http:\/\/crescerser.org\/en\/privacy-policy\/#breadcrumb\"},\"inLanguage\":\"en-US\",\"potentialAction\":[{\"@type\":\"ReadAction\",\"target\":[\"http:\/\/crescerser.org\/en\/privacy-policy\/\"]}]},{\"@type\":\"BreadcrumbList\",\"@id\":\"http:\/\/crescerser.org\/en\/privacy-policy\/#breadcrumb\",\"itemListElement\":[{\"@type\":\"ListItem\",\"position\":1,\"name\":\"In\u00edcio\",\"item\":\"https:\/\/crescerser.org\/\"},{\"@type\":\"ListItem\",\"position\":2,\"name\":\"Privacy Policy\"}]},{\"@type\":\"WebSite\",\"@id\":\"https:\/\/crescerser.org\/#website\",\"url\":\"https:\/\/crescerser.org\/\",\"name\":\"crescerser\",\"description\":\"Associa&ccedil;&atilde;o portuguesa para o direito dos menores e da fam&iacute;lia\",\"potentialAction\":[{\"@type\":\"SearchAction\",\"target\":{\"@type\":\"EntryPoint\",\"urlTemplate\":\"https:\/\/crescerser.org\/?s={search_term_string}\"},\"query-input\":\"required name=search_term_string\"}],\"inLanguage\":\"en-US\"}]}<\/script>\n<!-- \/ Yoast SEO plugin. -->","yoast_head_json":{"title":"Privacy Policy - crescerser","robots":{"index":"index","follow":"follow","max-snippet":"max-snippet:-1","max-image-preview":"max-image-preview:large","max-video-preview":"max-video-preview:-1"},"canonical":"http:\/\/crescerser.org\/en\/privacy-policy\/","og_locale":"en_US","og_type":"article","og_title":"Privacy Policy - crescerser","og_description":"CRESCERSER &#8211; Associa\u00e7\u00e3o Portuguesa para o Direito dos Menores e da Fam\u00edlia is committed to [\u2026]","og_url":"http:\/\/crescerser.org\/en\/privacy-policy\/","og_site_name":"crescerser","article_modified_time":"2023-01-11T18:10:14+00:00","twitter_card":"summary_large_image","twitter_misc":{"Est. reading time":"8 minutes"},"schema":{"@context":"https:\/\/schema.org","@graph":[{"@type":"WebPage","@id":"http:\/\/crescerser.org\/en\/privacy-policy\/","url":"http:\/\/crescerser.org\/en\/privacy-policy\/","name":"Privacy Policy - crescerser","isPartOf":{"@id":"https:\/\/crescerser.org\/#website"},"datePublished":"2019-09-16T15:32:48+00:00","dateModified":"2023-01-11T18:10:14+00:00","breadcrumb":{"@id":"http:\/\/crescerser.org\/en\/privacy-policy\/#breadcrumb"},"inLanguage":"en-US","potentialAction":[{"@type":"ReadAction","target":["http:\/\/crescerser.org\/en\/privacy-policy\/"]}]},{"@type":"BreadcrumbList","@id":"http:\/\/crescerser.org\/en\/privacy-policy\/#breadcrumb","itemListElement":[{"@type":"ListItem","position":1,"name":"In\u00edcio","item":"https:\/\/crescerser.org\/"},{"@type":"ListItem","position":2,"name":"Privacy Policy"}]},{"@type":"WebSite","@id":"https:\/\/crescerser.org\/#website","url":"https:\/\/crescerser.org\/","name":"crescerser","description":"Associa&ccedil;&atilde;o portuguesa para o direito dos menores e da fam&iacute;lia","potentialAction":[{"@type":"SearchAction","target":{"@type":"EntryPoint","urlTemplate":"https:\/\/crescerser.org\/?s={search_term_string}"},"query-input":"required name=search_term_string"}],"inLanguage":"en-US"}]}},"_links":{"self":[{"href":"https:\/\/crescerser.org\/en\/wp-json\/wp\/v2\/pages\/3172"}],"collection":[{"href":"https:\/\/crescerser.org\/en\/wp-json\/wp\/v2\/pages"}],"about":[{"href":"https:\/\/crescerser.org\/en\/wp-json\/wp\/v2\/types\/page"}],"author":[{"embeddable":true,"href":"https:\/\/crescerser.org\/en\/wp-json\/wp\/v2\/users\/1"}],"replies":[{"embeddable":true,"href":"https:\/\/crescerser.org\/en\/wp-json\/wp\/v2\/comments?post=3172"}],"version-history":[{"count":2,"href":"https:\/\/crescerser.org\/en\/wp-json\/wp\/v2\/pages\/3172\/revisions"}],"predecessor-version":[{"id":3176,"href":"https:\/\/crescerser.org\/en\/wp-json\/wp\/v2\/pages\/3172\/revisions\/3176"}],"wp:attachment":[{"href":"https:\/\/crescerser.org\/en\/wp-json\/wp\/v2\/media?parent=3172"}],"curies":[{"name":"wp","href":"https:\/\/api.w.org\/{rel}","templated":true}]}}